{"id":1118,"date":"2015-12-22T09:36:56","date_gmt":"2015-12-22T08:36:56","guid":{"rendered":"http:\/\/www.stolarna.si\/en\/?page_id=1118"},"modified":"2017-02-20T11:20:48","modified_gmt":"2017-02-20T10:20:48","slug":"where-to-buy-our-products","status":"publish","type":"page","link":"https:\/\/www.stolarna-znidarsic.si\/en\/where-to-buy-our-products\/","title":{"rendered":"Where to buy"},"content":{"rendered":"<p>[et_pb_section][et_pb_row][et_pb_column type=&#8221;1_4&#8243;][et_pb_text admin_label=&#8221;Text&#8221; background_layout=&#8221;light&#8221; text_orientation=&#8221;left&#8221;]<\/p>\n<h1>Visit our showroom:<\/h1>\n<p>&nbsp;<\/p>\n<p><strong>KG\u017d d.o.o.<\/strong><br \/>\n<strong>P. E. Stolarna<\/strong><br \/>\nPodgorica 27<br \/>\n1312 Videm \u2013 Dobrepolje<\/p>\n<p>&nbsp;<\/p>\n<p><strong>t:<\/strong> +386 (0)1 780 71 23<br \/>\n<strong>f:<\/strong>\u00a0+386 (0)1\u00a0780 72 85<br \/>\n<strong>w:<\/strong> www.stolarna-znidarsic.si<br \/>\n<strong>e:<\/strong> info@stolarna-znidarsic.si<\/p>\n<p>&nbsp;<\/p>\n<p><strong>HOURS<br \/>\n<\/strong>Monday to Friday<br \/>\n<strong>7.00\u201310.30<\/strong>\u00a0and\u00a0<strong>11.00\u201315.00<\/strong><\/p>\n<p>Saturday, Sunday and holidays<br \/>\n<strong>closed<\/strong><\/p>\n<p>[\/et_pb_text][\/et_pb_column][et_pb_column type=&#8221;3_4&#8243;][et_pb_map admin_label=&#8221;Map&#8221; address=&#8221;Podgorica 27, 1312 Podgorica, Slovenija&#8221; zoom_level=&#8221;10&#8243; address_lat=&#8221;45.82756355130934&#8243; address_lng=&#8221;14.672268034596314&#8243; mouse_wheel=&#8221;off&#8221;][et_pb_map_pin title=&#8221;Stolarna&#8221; pin_address=&#8221;Podgorica 27, 1312 Podgorica, Slovenija&#8221; pin_address_lat=&#8221;45.8419961&#8243; pin_address_lng=&#8221;14.697797300000047&#8243; \/][\/et_pb_map][\/et_pb_column][\/et_pb_row][\/et_pb_section]<\/p>\n","protected":false},"excerpt":{"rendered":"<p><div class=\"et_pb_section et_pb_section_0 et_section_regular\" >\n\t\t\t\t\n\t\t\t\t\n\t\t\t\t\n\t\t\t\t\n\t\t\t\t\n\t\t\t\t\n\t\t\t\t\n\t\t\t\t\n\t\t\t\t\n\t\t\t<\/div><div class=\"et_pb_row et_pb_row_0 et_pb_row_empty\">\n\t\t\t\t\n\t\t\t\t\n\t\t\t\t\n\t\t\t\t\n\t\t\t\t\n\t\t\t<\/div> Visit our showroom: &nbsp; KG\u017d d.o.o. P. E. Stolarna Podgorica 27 1312 Videm \u2013 Dobrepolje &nbsp; t: +386 (0)1 780 71 23 f:\u00a0+386 (0)1\u00a0780 72 85 w: www.stolarna-znidarsic.si e: info@stolarna-znidarsic.si &nbsp; HOURS Monday to Friday 7.00\u201310.30\u00a0and\u00a011.00\u201315.00 Saturday, Sunday and holidays closed<\/p>\n","protected":false},"author":3,"featured_media":0,"parent":0,"menu_order":0,"comment_status":"closed","ping_status":"closed","template":"","meta":{"_et_pb_use_builder":"on","_et_pb_old_content":"<p>[et_pb_section][et_pb_row][et_pb_column type=\"1_4\"][et_pb_text admin_label=\"Text\" background_layout=\"light\" text_orientation=\"left\"]<\/p><h1>Visit our showroom:<\/h1><p>\u00a0<\/p><p><strong>KG\u017d d.o.o.<\/strong><br \/> <strong>P. E. Stolarna<\/strong><br \/> Podgorica 27<br \/> 1312 Videm \u2013 Dobrepolje<\/p><p>\u00a0<\/p><p><strong>t:<\/strong> +386 (0)1 780 71 23<br \/> <strong>f:<\/strong>\u00a0+386 (0)1\u00a0780 72 85<br \/> <strong>w:<\/strong> www.stolarna-znidarsic.si<br \/> <strong>e:<\/strong> info@stolarna-znidarsic.si<\/p><p>[\/et_pb_text][\/et_pb_column][et_pb_column type=\"3_4\"][et_pb_map admin_label=\"Map\" address=\"Podgorica 27, 1312 Podgorica, Slovenija\" zoom_level=\"10\" address_lat=\"45.82756355130934\" address_lng=\"14.672268034596314\" mouse_wheel=\"off\"][et_pb_map_pin title=\"Stolarna\" pin_address=\"Podgorica 27, 1312 Podgorica, Slovenija\" pin_address_lat=\"45.8419961\" pin_address_lng=\"14.697797300000047\" \/][\/et_pb_map][\/et_pb_column][\/et_pb_row][\/et_pb_section]<\/p>","_et_gb_content_width":"","footnotes":""},"yoast_head":"<!-- This site is optimized with the Yoast SEO plugin v22.1 - https:\/\/yoast.com\/wordpress\/plugins\/seo\/ -->\n<title>Where to buy | Stolarna \u017dnidar\u0161i\u010d<\/title>\n<meta name=\"robots\" content=\"index, follow, max-snippet:-1, max-image-preview:large, max-video-preview:-1\" \/>\n<link rel=\"canonical\" href=\"https:\/\/www.stolarna-znidarsic.si\/en\/where-to-buy-our-products\/\" \/>\n<meta property=\"og:locale\" content=\"en_US\" \/>\n<meta property=\"og:type\" content=\"article\" \/>\n<meta property=\"og:title\" content=\"Where to buy | Stolarna \u017dnidar\u0161i\u010d\" \/>\n<meta property=\"og:description\" content=\"Visit our showroom: &nbsp; KG\u017d d.o.o. P. E. Stolarna Podgorica 27 1312 Videm \u2013 Dobrepolje &nbsp; t: +386 (0)1 780 71 23 f:\u00a0+386 (0)1\u00a0780 72 85 w: www.stolarna-znidarsic.si e: info@stolarna-znidarsic.si &nbsp; HOURS Monday to Friday 7.00\u201310.30\u00a0and\u00a011.00\u201315.00 Saturday, Sunday and holidays closed\" \/>\n<meta property=\"og:url\" content=\"https:\/\/www.stolarna-znidarsic.si\/en\/where-to-buy-our-products\/\" \/>\n<meta property=\"og:site_name\" content=\"Stolarna \u017dnidar\u0161i\u010d\" \/>\n<meta property=\"article:modified_time\" content=\"2017-02-20T10:20:48+00:00\" \/>\n<meta name=\"twitter:label1\" content=\"Est. reading time\" \/>\n\t<meta name=\"twitter:data1\" content=\"1 minute\" \/>\n<script type=\"application\/ld+json\" class=\"yoast-schema-graph\">{\"@context\":\"https:\/\/schema.org\",\"@graph\":[{\"@type\":\"WebPage\",\"@id\":\"https:\/\/www.stolarna-znidarsic.si\/en\/where-to-buy-our-products\/\",\"url\":\"https:\/\/www.stolarna-znidarsic.si\/en\/where-to-buy-our-products\/\",\"name\":\"Where to buy | Stolarna \u017dnidar\u0161i\u010d\",\"isPartOf\":{\"@id\":\"https:\/\/www.stolarna-znidarsic.si\/#website\"},\"datePublished\":\"2015-12-22T08:36:56+00:00\",\"dateModified\":\"2017-02-20T10:20:48+00:00\",\"breadcrumb\":{\"@id\":\"https:\/\/www.stolarna-znidarsic.si\/en\/where-to-buy-our-products\/#breadcrumb\"},\"inLanguage\":\"en-US\",\"potentialAction\":[{\"@type\":\"ReadAction\",\"target\":[\"https:\/\/www.stolarna-znidarsic.si\/en\/where-to-buy-our-products\/\"]}]},{\"@type\":\"BreadcrumbList\",\"@id\":\"https:\/\/www.stolarna-znidarsic.si\/en\/where-to-buy-our-products\/#breadcrumb\",\"itemListElement\":[{\"@type\":\"ListItem\",\"position\":1,\"name\":\"Home\",\"item\":\"https:\/\/www.stolarna-znidarsic.si\/en\/\"},{\"@type\":\"ListItem\",\"position\":2,\"name\":\"Where to buy\"}]},{\"@type\":\"WebSite\",\"@id\":\"https:\/\/www.stolarna-znidarsic.si\/#website\",\"url\":\"https:\/\/www.stolarna-znidarsic.si\/\",\"name\":\"Stolarna \u017dnidar\u0161i\u010d\",\"description\":\"\",\"potentialAction\":[{\"@type\":\"SearchAction\",\"target\":{\"@type\":\"EntryPoint\",\"urlTemplate\":\"https:\/\/www.stolarna-znidarsic.si\/?s={search_term_string}\"},\"query-input\":\"required name=search_term_string\"}],\"inLanguage\":\"en-US\"}]}<\/script>\n<!-- \/ Yoast SEO plugin. -->","yoast_head_json":{"title":"Where to buy | Stolarna \u017dnidar\u0161i\u010d","robots":{"index":"index","follow":"follow","max-snippet":"max-snippet:-1","max-image-preview":"max-image-preview:large","max-video-preview":"max-video-preview:-1"},"canonical":"https:\/\/www.stolarna-znidarsic.si\/en\/where-to-buy-our-products\/","og_locale":"en_US","og_type":"article","og_title":"Where to buy | Stolarna \u017dnidar\u0161i\u010d","og_description":"Visit our showroom: &nbsp; KG\u017d d.o.o. P. E. Stolarna Podgorica 27 1312 Videm \u2013 Dobrepolje &nbsp; t: +386 (0)1 780 71 23 f:\u00a0+386 (0)1\u00a0780 72 85 w: www.stolarna-znidarsic.si e: info@stolarna-znidarsic.si &nbsp; HOURS Monday to Friday 7.00\u201310.30\u00a0and\u00a011.00\u201315.00 Saturday, Sunday and holidays closed","og_url":"https:\/\/www.stolarna-znidarsic.si\/en\/where-to-buy-our-products\/","og_site_name":"Stolarna \u017dnidar\u0161i\u010d","article_modified_time":"2017-02-20T10:20:48+00:00","twitter_misc":{"Est. reading time":"1 minute"},"schema":{"@context":"https:\/\/schema.org","@graph":[{"@type":"WebPage","@id":"https:\/\/www.stolarna-znidarsic.si\/en\/where-to-buy-our-products\/","url":"https:\/\/www.stolarna-znidarsic.si\/en\/where-to-buy-our-products\/","name":"Where to buy | Stolarna \u017dnidar\u0161i\u010d","isPartOf":{"@id":"https:\/\/www.stolarna-znidarsic.si\/#website"},"datePublished":"2015-12-22T08:36:56+00:00","dateModified":"2017-02-20T10:20:48+00:00","breadcrumb":{"@id":"https:\/\/www.stolarna-znidarsic.si\/en\/where-to-buy-our-products\/#breadcrumb"},"inLanguage":"en-US","potentialAction":[{"@type":"ReadAction","target":["https:\/\/www.stolarna-znidarsic.si\/en\/where-to-buy-our-products\/"]}]},{"@type":"BreadcrumbList","@id":"https:\/\/www.stolarna-znidarsic.si\/en\/where-to-buy-our-products\/#breadcrumb","itemListElement":[{"@type":"ListItem","position":1,"name":"Home","item":"https:\/\/www.stolarna-znidarsic.si\/en\/"},{"@type":"ListItem","position":2,"name":"Where to buy"}]},{"@type":"WebSite","@id":"https:\/\/www.stolarna-znidarsic.si\/#website","url":"https:\/\/www.stolarna-znidarsic.si\/","name":"Stolarna \u017dnidar\u0161i\u010d","description":"","potentialAction":[{"@type":"SearchAction","target":{"@type":"EntryPoint","urlTemplate":"https:\/\/www.stolarna-znidarsic.si\/?s={search_term_string}"},"query-input":"required name=search_term_string"}],"inLanguage":"en-US"}]}},"_links":{"self":[{"href":"https:\/\/www.stolarna-znidarsic.si\/en\/wp-json\/wp\/v2\/pages\/1118"}],"collection":[{"href":"https:\/\/www.stolarna-znidarsic.si\/en\/wp-json\/wp\/v2\/pages"}],"about":[{"href":"https:\/\/www.stolarna-znidarsic.si\/en\/wp-json\/wp\/v2\/types\/page"}],"author":[{"embeddable":true,"href":"https:\/\/www.stolarna-znidarsic.si\/en\/wp-json\/wp\/v2\/users\/3"}],"replies":[{"embeddable":true,"href":"https:\/\/www.stolarna-znidarsic.si\/en\/wp-json\/wp\/v2\/comments?post=1118"}],"version-history":[{"count":6,"href":"https:\/\/www.stolarna-znidarsic.si\/en\/wp-json\/wp\/v2\/pages\/1118\/revisions"}],"predecessor-version":[{"id":1273,"href":"https:\/\/www.stolarna-znidarsic.si\/en\/wp-json\/wp\/v2\/pages\/1118\/revisions\/1273"}],"wp:attachment":[{"href":"https:\/\/www.stolarna-znidarsic.si\/en\/wp-json\/wp\/v2\/media?parent=1118"}],"curies":[{"name":"wp","href":"https:\/\/api.w.org\/{rel}","templated":true}]}}