{"id":654,"date":"2015-01-10T21:26:10","date_gmt":"2015-01-10T20:26:10","guid":{"rendered":"http:\/\/stolarna.si\/?page_id=654"},"modified":"2017-02-20T11:20:02","modified_gmt":"2017-02-20T10:20:02","slug":"contact","status":"publish","type":"page","link":"https:\/\/www.stolarna-znidarsic.si\/en\/contact\/","title":{"rendered":"Contact"},"content":{"rendered":"<p>[et_pb_section fullwidth=&#8221;on&#8221; specialty=&#8221;off&#8221;][et_pb_fullwidth_map admin_label=&#8221;Fullwidth Map&#8221; address=&#8221;Podgorica 27, 1312 Podgorica, Slovenia&#8221; zoom_level=&#8221;11&#8243; address_lat=&#8221;45.8419959&#8243; address_lng=&#8221;14.697797400000013&#8243; mouse_wheel=&#8221;off&#8221;][et_pb_map_pin title=&#8221;Stolarna&#8221; pin_address=&#8221;Podgorica 27, 1312 Podgorica, Slovenia&#8221; pin_address_lat=&#8221;45.8419959&#8243; pin_address_lng=&#8221;14.697797400000013&#8243; \/][\/et_pb_fullwidth_map][\/et_pb_section][et_pb_section fullwidth=&#8221;off&#8221; specialty=&#8221;off&#8221;][et_pb_row][et_pb_column type=&#8221;1_4&#8243;][et_pb_text admin_label=&#8221;Text&#8221; background_layout=&#8221;light&#8221; text_orientation=&#8221;left&#8221;]<\/p>\n<p><strong>KG\u017d d.o.o.<\/strong> <strong>P. E. Stolarna<\/strong><br \/>\nPodgorica 27<br \/>\n1312 Videm &#8211; Dobrepolje<\/p>\n<p>&nbsp;<\/p>\n<p><strong>t:<\/strong> +386 (0)1 780 71 23<br \/>\n<strong>f:<\/strong>\u00a0+386 (0)1\u00a0780 72 85<br \/>\n<strong>w:<\/strong> www.stolarna-znidarsic.si<br \/>\n<strong>e:<\/strong> info@stolarna-znidarsic.si<\/p>\n<p>&nbsp;<\/p>\n<p><strong>HOURS<br \/>\n<\/strong>Monday to Friday<br \/>\n<strong>7.00\u201310.30<\/strong>\u00a0and\u00a0<strong>11.00\u201315.00<\/strong><\/p>\n<p>Saturday, Sunday and holidays<br \/>\n<strong>closed<\/strong><\/p>\n<p>[\/et_pb_text][\/et_pb_column][et_pb_column type=&#8221;1_4&#8243;][et_pb_image admin_label=&#8221;Image&#8221; src=&#8221;http:\/\/www.stolarna-znidarsic.si\/wp-content\/uploads\/2014\/10\/StolarnaLogo1.png&#8221; show_in_lightbox=&#8221;off&#8221; url_new_window=&#8221;off&#8221; animation=&#8221;fade_in&#8221; sticky=&#8221;on&#8221; \/][\/et_pb_column][et_pb_column type=&#8221;1_2&#8243;][et_pb_contact_form admin_label=&#8221;Contact Form&#8221; captcha=&#8221;on&#8221; email=&#8221;info@stolarna-znidarsic.si&#8221; \/][\/et_pb_column][\/et_pb_row][\/et_pb_section][et_pb_section fullwidth=&#8221;off&#8221; specialty=&#8221;off&#8221;][et_pb_row][et_pb_column type=&#8221;1_3&#8243;][et_pb_team_member admin_label=&#8221;Team Member&#8221; name=&#8221;Franci \u017dnidar\u0161i\u010d&#8221; position=&#8221;CEO&#8221; animation=&#8221;off&#8221; background_layout=&#8221;light&#8221;]<\/p>\n<p>e: franci.znidarsic@znidarsic.si<\/p>\n<p>[\/et_pb_team_member][\/et_pb_column][et_pb_column type=&#8221;1_3&#8243;][et_pb_team_member admin_label=&#8221;Team Member&#8221; name=&#8221;Ur\u0161ka \u017dnidar\u0161i\u010d&#8221; position=&#8221;Commerce&#8221; animation=&#8221;off&#8221; background_layout=&#8221;light&#8221;]<\/p>\n<p>m: +386 (0)31 687 335<br \/>\nt: +386 (0)1 780 71 23<\/p>\n<p>e: ursa.znidarsic@znidarsic.si<\/p>\n<p>[\/et_pb_team_member][\/et_pb_column][et_pb_column type=&#8221;1_3&#8243;][et_pb_team_member admin_label=&#8221;Team Member&#8221; name=&#8221;Toma\u017e \u0160inkovec&#8221; position=&#8221;Head of technological preparation&#8221; animation=&#8221;off&#8221; background_layout=&#8221;light&#8221;]<\/p>\n<p>m: +386 (0)51 237 616<br \/>\nt: +386 (0)1 780 71 23<br \/>\ne: tomaz.sinkovec@znidarsic.si<\/p>\n<p>[\/et_pb_team_member][\/et_pb_column][\/et_pb_row][et_pb_row][et_pb_column type=&#8221;1_3&#8243;][et_pb_team_member admin_label=&#8221;Team Member&#8221; name=&#8221;Mateja Grandovec&#8221; position=&#8221;Commerce \/ purchase&#8221; animation=&#8221;off&#8221; background_layout=&#8221;light&#8221;]<\/p>\n<p>t: +386 (0)1 780 71 23<br \/>\ne: mateja.grandovec@znidarsic.si<\/p>\n<p>[\/et_pb_team_member][\/et_pb_column][et_pb_column type=&#8221;1_3&#8243;][et_pb_team_member admin_label=&#8221;Team Member&#8221; name=&#8221;Luka Trontelj&#8221; position=&#8221;Project manager&#8221; animation=&#8221;off&#8221; background_layout=&#8221;light&#8221;]<\/p>\n<p>t: +386 (0)1 780 71 23<br \/>\ne: luka.trontelj@znidarsic.si<\/p>\n<p>[\/et_pb_team_member][\/et_pb_column][et_pb_column type=&#8221;1_3&#8243;][\/et_pb_column][\/et_pb_row][\/et_pb_section]<\/p>\n","protected":false},"excerpt":{"rendered":"<p><div class=\"et_pb_row et_pb_row_0 et_pb_row_empty\">\n\t\t\t\t\n\t\t\t\t\n\t\t\t\t\n\t\t\t\t\n\t\t\t\t\n\t\t\t<\/div> KG\u017d d.o.o. P. E. Stolarna Podgorica 27 1312 Videm &#8211; Dobrepolje &nbsp; t: +386 (0)1 780 71 23 f:\u00a0+386 (0)1\u00a0780 72 85 w: www.stolarna-znidarsic.si e: info@stolarna-znidarsic.si &nbsp; HOURS Monday to Friday 7.00\u201310.30\u00a0and\u00a011.00\u201315.00 Saturday, Sunday and holidays closed <div class=\"et_pb_row et_pb_row_1 et_pb_row_empty\">\n\t\t\t\t\n\t\t\t\t\n\t\t\t\t\n\t\t\t\t\n\t\t\t\t\n\t\t\t<\/div> e: franci.znidarsic@znidarsic.si m: +386 (0)31 687 335 t: +386 (0)1 780 71 23 e: ursa.znidarsic@znidarsic.si m: [&hellip;]<\/p>\n","protected":false},"author":5,"featured_media":0,"parent":0,"menu_order":0,"comment_status":"open","ping_status":"closed","template":"","meta":{"_et_pb_use_builder":"on","_et_pb_old_content":"<p>[et_pb_section fullwidth=\"on\" specialty=\"off\"][et_pb_fullwidth_map admin_label=\"Fullwidth Map\" address=\"Podgorica 27, 1312 Podgorica, Slovenia\" zoom_level=\"11\" address_lat=\"45.8419959\" address_lng=\"14.697797400000013\" mouse_wheel=\"off\"][et_pb_map_pin title=\"Stolarna\" pin_address=\"Podgorica 27, 1312 Podgorica, Slovenia\" pin_address_lat=\"45.8419959\" pin_address_lng=\"14.697797400000013\" \/][\/et_pb_fullwidth_map][\/et_pb_section][et_pb_section fullwidth=\"off\" specialty=\"off\"][et_pb_row][et_pb_column type=\"1_4\"][et_pb_text admin_label=\"Text\" background_layout=\"light\" text_orientation=\"left\"] <strong>KG\u017d d.o.o.<\/strong> <strong>P. E. Stolarna<\/strong> Podgorica 27 1312 Videm - Dobrepolje \u00a0 <strong>t:<\/strong> +386 (0)1 780 71 23 <strong>f:<\/strong>\u00a0+386 (0)1\u00a0780 72 85 <strong>w:<\/strong> www.stolarna-znidarsic.si <strong>e:<\/strong> info@stolarna-znidarsic.si [\/et_pb_text][\/et_pb_column][et_pb_column type=\"1_4\"][et_pb_image admin_label=\"Image\" src=\"http:\/\/www.stolarna-znidarsic.si\/wp-content\/uploads\/2014\/10\/StolarnaLogo.png\" show_in_lightbox=\"off\" url_new_window=\"off\" animation=\"fade_in\" sticky=\"on\" \/][\/et_pb_column][et_pb_column type=\"1_2\"][et_pb_contact_form admin_label=\"Contact Form\" captcha=\"on\" email=\"info@stolarna-znidarsic.si\" \/][\/et_pb_column][\/et_pb_row][\/et_pb_section][et_pb_section fullwidth=\"off\" specialty=\"off\"][et_pb_row][et_pb_column type=\"1_3\"][et_pb_team_member admin_label=\"Team Member\" name=\"Rok Frol\" position=\"direktor\" animation=\"off\" background_layout=\"light\"] t: +386 (0)1 780 71 23 e: rok.frol@znidarsic.si [\/et_pb_team_member][et_pb_team_member admin_label=\"Team Member\" name=\"Marko Bregar\" position=\"vodja projekta\" animation=\"off\" background_layout=\"light\"] m: +386 (0)41 398 648 t: +386 (0)1 780 71 23 e: marko.bregar@znidarsic.si [\/et_pb_team_member][\/et_pb_column][et_pb_column type=\"1_3\"][et_pb_team_member admin_label=\"Team Member\" name=\"Ur\u0161ka \u017dnidar\u0161i\u010d\" position=\"komerciala\" animation=\"off\" background_layout=\"light\"] t: +386 (0)1 780 71 23 e: ursa.znidarsic@znidarsic.si [\/et_pb_team_member][et_pb_team_member admin_label=\"Team Member\" name=\"Mateja Grandovec\" position=\"komerciala\/nabava\" animation=\"off\" background_layout=\"light\"] t: +386 (0)1 780 71 23 e: mateja.grandovec@znidarsic.si [\/et_pb_team_member][\/et_pb_column][et_pb_column type=\"1_3\"][et_pb_team_member admin_label=\"Team Member\" name=\"Toma\u017e \u0160inkovec\" position=\"vodja tehnolo\u0161ke priprave\" animation=\"off\" background_layout=\"light\"] m: +386 (0)51 237 616 t: +386 (0)1 780 71 23 e: tomaz.sinkovec@znidarsic.si [\/et_pb_team_member][\/et_pb_column][\/et_pb_row][\/et_pb_section]<\/p>","_et_gb_content_width":"","footnotes":""},"yoast_head":"<!-- This site is optimized with the Yoast SEO plugin v22.1 - https:\/\/yoast.com\/wordpress\/plugins\/seo\/ -->\n<title>Contact | Stolarna \u017dnidar\u0161i\u010d<\/title>\n<meta name=\"robots\" content=\"index, follow, max-snippet:-1, max-image-preview:large, max-video-preview:-1\" \/>\n<link rel=\"canonical\" href=\"https:\/\/www.stolarna-znidarsic.si\/en\/contact\/\" \/>\n<meta property=\"og:locale\" content=\"en_US\" \/>\n<meta property=\"og:type\" content=\"article\" \/>\n<meta property=\"og:title\" content=\"Contact | Stolarna \u017dnidar\u0161i\u010d\" \/>\n<meta property=\"og:description\" content=\"KG\u017d d.o.o. P. E. Stolarna Podgorica 27 1312 Videm - Dobrepolje &nbsp; t: +386 (0)1 780 71 23 f:\u00a0+386 (0)1\u00a0780 72 85 w: www.stolarna-znidarsic.si e: info@stolarna-znidarsic.si &nbsp; HOURS Monday to Friday 7.00\u201310.30\u00a0and\u00a011.00\u201315.00 Saturday, Sunday and holidays closed e: franci.znidarsic@znidarsic.si m: +386 (0)31 687 335 t: +386 (0)1 780 71 23 e: ursa.znidarsic@znidarsic.si m: [&hellip;]\" \/>\n<meta property=\"og:url\" content=\"https:\/\/www.stolarna-znidarsic.si\/en\/contact\/\" \/>\n<meta property=\"og:site_name\" content=\"Stolarna \u017dnidar\u0161i\u010d\" \/>\n<meta property=\"article:modified_time\" content=\"2017-02-20T10:20:02+00:00\" \/>\n<meta name=\"twitter:label1\" content=\"Est. reading time\" \/>\n\t<meta name=\"twitter:data1\" content=\"2 minutes\" \/>\n<script type=\"application\/ld+json\" class=\"yoast-schema-graph\">{\"@context\":\"https:\/\/schema.org\",\"@graph\":[{\"@type\":\"WebPage\",\"@id\":\"https:\/\/www.stolarna-znidarsic.si\/en\/contact\/\",\"url\":\"https:\/\/www.stolarna-znidarsic.si\/en\/contact\/\",\"name\":\"Contact | Stolarna \u017dnidar\u0161i\u010d\",\"isPartOf\":{\"@id\":\"https:\/\/www.stolarna-znidarsic.si\/#website\"},\"datePublished\":\"2015-01-10T20:26:10+00:00\",\"dateModified\":\"2017-02-20T10:20:02+00:00\",\"breadcrumb\":{\"@id\":\"https:\/\/www.stolarna-znidarsic.si\/en\/contact\/#breadcrumb\"},\"inLanguage\":\"en-US\",\"potentialAction\":[{\"@type\":\"ReadAction\",\"target\":[\"https:\/\/www.stolarna-znidarsic.si\/en\/contact\/\"]}]},{\"@type\":\"BreadcrumbList\",\"@id\":\"https:\/\/www.stolarna-znidarsic.si\/en\/contact\/#breadcrumb\",\"itemListElement\":[{\"@type\":\"ListItem\",\"position\":1,\"name\":\"Home\",\"item\":\"https:\/\/www.stolarna-znidarsic.si\/en\/\"},{\"@type\":\"ListItem\",\"position\":2,\"name\":\"Contact\"}]},{\"@type\":\"WebSite\",\"@id\":\"https:\/\/www.stolarna-znidarsic.si\/#website\",\"url\":\"https:\/\/www.stolarna-znidarsic.si\/\",\"name\":\"Stolarna \u017dnidar\u0161i\u010d\",\"description\":\"\",\"potentialAction\":[{\"@type\":\"SearchAction\",\"target\":{\"@type\":\"EntryPoint\",\"urlTemplate\":\"https:\/\/www.stolarna-znidarsic.si\/?s={search_term_string}\"},\"query-input\":\"required name=search_term_string\"}],\"inLanguage\":\"en-US\"}]}<\/script>\n<!-- \/ Yoast SEO plugin. -->","yoast_head_json":{"title":"Contact | Stolarna \u017dnidar\u0161i\u010d","robots":{"index":"index","follow":"follow","max-snippet":"max-snippet:-1","max-image-preview":"max-image-preview:large","max-video-preview":"max-video-preview:-1"},"canonical":"https:\/\/www.stolarna-znidarsic.si\/en\/contact\/","og_locale":"en_US","og_type":"article","og_title":"Contact | Stolarna \u017dnidar\u0161i\u010d","og_description":"KG\u017d d.o.o. P. E. Stolarna Podgorica 27 1312 Videm - Dobrepolje &nbsp; t: +386 (0)1 780 71 23 f:\u00a0+386 (0)1\u00a0780 72 85 w: www.stolarna-znidarsic.si e: info@stolarna-znidarsic.si &nbsp; HOURS Monday to Friday 7.00\u201310.30\u00a0and\u00a011.00\u201315.00 Saturday, Sunday and holidays closed e: franci.znidarsic@znidarsic.si m: +386 (0)31 687 335 t: +386 (0)1 780 71 23 e: ursa.znidarsic@znidarsic.si m: [&hellip;]","og_url":"https:\/\/www.stolarna-znidarsic.si\/en\/contact\/","og_site_name":"Stolarna \u017dnidar\u0161i\u010d","article_modified_time":"2017-02-20T10:20:02+00:00","twitter_misc":{"Est. reading time":"2 minutes"},"schema":{"@context":"https:\/\/schema.org","@graph":[{"@type":"WebPage","@id":"https:\/\/www.stolarna-znidarsic.si\/en\/contact\/","url":"https:\/\/www.stolarna-znidarsic.si\/en\/contact\/","name":"Contact | Stolarna \u017dnidar\u0161i\u010d","isPartOf":{"@id":"https:\/\/www.stolarna-znidarsic.si\/#website"},"datePublished":"2015-01-10T20:26:10+00:00","dateModified":"2017-02-20T10:20:02+00:00","breadcrumb":{"@id":"https:\/\/www.stolarna-znidarsic.si\/en\/contact\/#breadcrumb"},"inLanguage":"en-US","potentialAction":[{"@type":"ReadAction","target":["https:\/\/www.stolarna-znidarsic.si\/en\/contact\/"]}]},{"@type":"BreadcrumbList","@id":"https:\/\/www.stolarna-znidarsic.si\/en\/contact\/#breadcrumb","itemListElement":[{"@type":"ListItem","position":1,"name":"Home","item":"https:\/\/www.stolarna-znidarsic.si\/en\/"},{"@type":"ListItem","position":2,"name":"Contact"}]},{"@type":"WebSite","@id":"https:\/\/www.stolarna-znidarsic.si\/#website","url":"https:\/\/www.stolarna-znidarsic.si\/","name":"Stolarna \u017dnidar\u0161i\u010d","description":"","potentialAction":[{"@type":"SearchAction","target":{"@type":"EntryPoint","urlTemplate":"https:\/\/www.stolarna-znidarsic.si\/?s={search_term_string}"},"query-input":"required name=search_term_string"}],"inLanguage":"en-US"}]}},"_links":{"self":[{"href":"https:\/\/www.stolarna-znidarsic.si\/en\/wp-json\/wp\/v2\/pages\/654"}],"collection":[{"href":"https:\/\/www.stolarna-znidarsic.si\/en\/wp-json\/wp\/v2\/pages"}],"about":[{"href":"https:\/\/www.stolarna-znidarsic.si\/en\/wp-json\/wp\/v2\/types\/page"}],"author":[{"embeddable":true,"href":"https:\/\/www.stolarna-znidarsic.si\/en\/wp-json\/wp\/v2\/users\/5"}],"replies":[{"embeddable":true,"href":"https:\/\/www.stolarna-znidarsic.si\/en\/wp-json\/wp\/v2\/comments?post=654"}],"version-history":[{"count":11,"href":"https:\/\/www.stolarna-znidarsic.si\/en\/wp-json\/wp\/v2\/pages\/654\/revisions"}],"predecessor-version":[{"id":1271,"href":"https:\/\/www.stolarna-znidarsic.si\/en\/wp-json\/wp\/v2\/pages\/654\/revisions\/1271"}],"wp:attachment":[{"href":"https:\/\/www.stolarna-znidarsic.si\/en\/wp-json\/wp\/v2\/media?parent=654"}],"curies":[{"name":"wp","href":"https:\/\/api.w.org\/{rel}","templated":true}]}}