{"id":656,"date":"2015-01-10T21:32:01","date_gmt":"2015-01-10T20:32:01","guid":{"rendered":"http:\/\/stolarna.si\/?page_id=656"},"modified":"2018-02-05T08:46:01","modified_gmt":"2018-02-05T07:46:01","slug":"about-us","status":"publish","type":"page","link":"https:\/\/www.stolarna-znidarsic.si\/en\/","title":{"rendered":"About us"},"content":{"rendered":"<p>[et_pb_section background_color=&#8221;#ffffff&#8221; inner_shadow=&#8221;off&#8221; parallax=&#8221;off&#8221;][et_pb_row][et_pb_column type=&#8221;4_4&#8243;][et_pb_slider admin_label=&#8221;Slider&#8221; show_arrows=&#8221;on&#8221; show_pagination=&#8221;on&#8221; auto=&#8221;on&#8221; parallax=&#8221;off&#8221; parallax_method=&#8221;off&#8221; auto_speed=&#8221;3000&#8243;][et_pb_slide background_image=&#8221;http:\/\/www.stolarna-znidarsic.si\/wp-content\/uploads\/2014\/10\/Kombinacija_prava.jpg&#8221; background_color=&#8221;#ffffff&#8221; alignment=&#8221;center&#8221; background_layout=&#8221;dark&#8221; \/][et_pb_slide background_color=&#8221;#ffffff&#8221; alignment=&#8221;center&#8221; background_layout=&#8221;dark&#8221; background_image=&#8221;http:\/\/www.stolarna-znidarsic.si\/wp-content\/uploads\/2014\/10\/Slider_007.jpg&#8221; \/][et_pb_slide background_image=&#8221;http:\/\/www.stolarna-znidarsic.si\/wp-content\/uploads\/2014\/10\/Slider_004.jpg&#8221; background_color=&#8221;#ffffff&#8221; alignment=&#8221;center&#8221; background_layout=&#8221;dark&#8221; \/][et_pb_slide background_image=&#8221;http:\/\/www.stolarna-znidarsic.si\/wp-content\/uploads\/2014\/10\/Slider_0032.jpg&#8221; background_color=&#8221;#ffffff&#8221; alignment=&#8221;center&#8221; background_layout=&#8221;dark&#8221; \/][et_pb_slide background_image=&#8221;http:\/\/www.stolarna-znidarsic.si\/wp-content\/uploads\/2014\/10\/Slider_006.jpg&#8221; background_color=&#8221;#ffffff&#8221; alignment=&#8221;center&#8221; background_layout=&#8221;dark&#8221; \/][et_pb_slide background_image=&#8221;http:\/\/www.stolarna-znidarsic.si\/wp-content\/uploads\/2014\/10\/Slider_0022.jpg&#8221; background_color=&#8221;#ffffff&#8221; alignment=&#8221;center&#8221; background_layout=&#8221;dark&#8221; \/][\/et_pb_slider][\/et_pb_column][\/et_pb_row][et_pb_row][et_pb_column type=&#8221;1_2&#8243;][et_pb_text admin_label=&#8221;Text&#8221; background_layout=&#8221;light&#8221; text_orientation=&#8221;left&#8221; module_id=&#8221;zgodovina&#8221;]<\/p>\n<h2 class=\"p1\" style=\"text-align: left;\">Stolarna<\/h2>\n<p style=\"text-align: justify;\">The Stolarna company has more than 100 years of tradition. Its success story began back in 1911, when the landowner Ivan \u0160teh built a steam sawmill and a mill. These were the beginnings of the wood processing industry in the village of Dobrepolje. In the following years, \u0160teh was joined by Anton Drobni\u010d and, in 1926, they renewed the saw and, with a well-defined vision, embarked on a path of success. After that, they started turning raw wood into finished products and manufactured the first chair.<\/p>\n<p style=\"text-align: justify;\">Stolarna evolved and expanded over the years, and in the 1960s it became one of the most important companies in the municipality of Grosuplje. In the last decade, the company made investments in technological renovation and modernization, as well as upgraded their offer, which includes the manufacturing of furniture and equipment. In 2014, the KG\u017d d.o.o. company became the owner of Stolarna, which is today a successful company with advanced technological equipment.<\/p>\n<p style=\"text-align: justify;\">By purchasing our chairs and tables, you get a high-quality and aesthetically pleasing product with a touch of nature that will serve you well for a long time. For us, customer satisfaction is not enough; our goal is to achieve much more than that \u2013 we want our customers to be absolutey thrilled. We believe that the Stolarna chairs and tables are more than fit to fulfill this mission.<\/p>\n<p>[\/et_pb_text][\/et_pb_column][et_pb_column type=&#8221;1_2&#8243;][et_pb_image admin_label=&#8221;Image&#8221; src=&#8221;http:\/\/www.stolarna-znidarsic.si\/wp-content\/uploads\/2014\/10\/Firma_001.jpg&#8221; show_in_lightbox=&#8221;off&#8221; url_new_window=&#8221;off&#8221; animation=&#8221;left&#8221; sticky=&#8221;off&#8221; \/][\/et_pb_column][\/et_pb_row][\/et_pb_section][et_pb_section fullwidth=&#8221;off&#8221; specialty=&#8221;off&#8221; transparent_background=&#8221;off&#8221; background_color=&#8221;#c4c4c4&#8243; inner_shadow=&#8221;off&#8221; parallax=&#8221;off&#8221; parallax_method=&#8221;off&#8221; module_class=&#8221;glavna_1&#8243; background_image=&#8221;http:\/\/www.stolarna-znidarsic.si\/wp-content\/uploads\/2014\/10\/Background_011.jpg&#8221;][et_pb_row][et_pb_column type=&#8221;1_2&#8243;][et_pb_image admin_label=&#8221;Image&#8221; src=&#8221;http:\/\/www.stolarna-znidarsic.si\/wp-content\/uploads\/2014\/10\/stol-orion.png&#8221; show_in_lightbox=&#8221;off&#8221; url_new_window=&#8221;off&#8221; animation=&#8221;left&#8221; sticky=&#8221;off&#8221; \/][\/et_pb_column][et_pb_column type=&#8221;1_2&#8243;][et_pb_text admin_label=&#8221;Text&#8221; background_layout=&#8221;light&#8221; text_orientation=&#8221;left&#8221; module_id=&#8221;nase-nacelo&#8221;]<\/p>\n<h2 class=\"p1\" style=\"text-align: center;\">Mission<\/h2>\n<p>Over the years of our operation, we uncovered the beauty and mystery of wood and thus learned how to ensure high-quality treatment.<\/p>\n<p>Therefore, we offer our customers high-quality products, flexibility, personal approach and products made from environmentally friendly materials. Our products are masterpieces that satisfy even the most demanding customers.<\/p>\n<p>We will secure our future operations through investments and technology upgrades in the production, as well as by motivating and training our employees in the development department and by strengthening relations with our business partners.<\/p>\n<p>[\/et_pb_text][\/et_pb_column][\/et_pb_row][\/et_pb_section][et_pb_section fullwidth=&#8221;off&#8221; specialty=&#8221;off&#8221;][et_pb_row][et_pb_column type=&#8221;4_4&#8243;][et_pb_text admin_label=&#8221;Text&#8221; background_layout=&#8221;light&#8221; text_orientation=&#8221;left&#8221; module_id=&#8221;onas-text&#8221;]<\/p>\n<h2 class=\"p1\" style=\"text-align: center;\">Vision<\/h2>\n<p style=\"text-align: center;\">Our vision is to become a well-known company in the field of furniture, manufacturing chairs and tables for both the domestic and foreign markets.<\/p>\n<p style=\"text-align: center;\">The buyers will recognize us for our high-quality products and exquisite design.<\/p>\n<p>[\/et_pb_text][\/et_pb_column][\/et_pb_row][\/et_pb_section]<\/p>\n","protected":false},"excerpt":{"rendered":"<p><div class=\"et_pb_row et_pb_row_0 et_pb_row_empty\">\n\t\t\t\t\n\t\t\t\t\n\t\t\t\t\n\t\t\t\t\n\t\t\t\t\n\t\t\t<\/div><div class=\"et_pb_row et_pb_row_1 et_pb_row_empty\">\n\t\t\t\t\n\t\t\t\t\n\t\t\t\t\n\t\t\t\t\n\t\t\t\t\n\t\t\t<\/div> Stolarna The Stolarna company has more than 100 years of tradition. Its success story began back in 1911, when the landowner Ivan \u0160teh built a steam sawmill and a mill. These were the beginnings of the wood processing industry in the village of Dobrepolje. In the following years, \u0160teh was joined by Anton Drobni\u010d [&hellip;]<\/p>\n","protected":false},"author":5,"featured_media":0,"parent":0,"menu_order":0,"comment_status":"open","ping_status":"closed","template":"","meta":{"_et_pb_use_builder":"on","_et_pb_old_content":"<p>[et_pb_section background_color=\"#ffffff\" inner_shadow=\"off\" parallax=\"off\"][et_pb_row][et_pb_column type=\"4_4\"][et_pb_slider admin_label=\"Slider\" show_arrows=\"on\" show_pagination=\"off\" auto=\"on\" parallax=\"off\" parallax_method=\"off\"][et_pb_slide background_color=\"#ffffff\" alignment=\"center\" background_layout=\"dark\" background_image=\"http:\/\/www.stolarna-znidarsic.si\/wp-content\/uploads\/2014\/10\/Slider_0021.jpg\" \/][et_pb_slide background_image=\"http:\/\/www.stolarna-znidarsic.si\/wp-content\/uploads\/2014\/10\/Slider_0031.jpg\" background_color=\"#ffffff\" alignment=\"center\" background_layout=\"dark\" \/][\/et_pb_slider][\/et_pb_column][\/et_pb_row][et_pb_row][et_pb_column type=\"1_2\"][et_pb_text admin_label=\"Text\" background_layout=\"light\" text_orientation=\"left\" module_id=\"zgodovina\"]<\/p><h2 class=\"p1\" style=\"text-align: left;\">Stolarna<\/h2><p>Stolarna ima <strong>ve\u010d kot 100\u00a0 letno tradicijo.<\/strong> Zgodba o uspehu se je za\u010dela davnega leta 1911, ko je posestnik Ivan \u0160teh postavil parno \u017eago in mlin. To so bili za\u010detki predelave lesa v Dobrepolju. V naslednjih letih se mu je pridru\u017eil \u0161e Anton Drobni\u010d in leta 1926 sta \u017eago obnovila in se z mo\u010dno vizijo podala na uspe\u0161no pot. Takrat se je pri\u010dela prva predelava lesa v kon\u010dni izdelek in izdelan je bil prvi stol. Stolarna se je skozi leta razvijala in \u0161irila, ter tako v \u0161estdesetih letih postala eno od pomembnej\u0161ih podjetij v ob\u010dini Grosuplje. V zadnjem desetletju je podjetje investiralo v tehnolo\u0161ko prenovo in posodobitve, ter nadgradilo ponudbo z izdelavo pohi\u0161tvene opreme po naro\u010dilu. Leta 2014 je lastnik Stolarne postalo podjetje KG\u017d d.o.o., ki je danes uspe\u0161no podjetje z vrhunsko tehnolo\u0161ko opremljenostjo. Z nakupom na\u0161ih stolov in miz dobite kakovosten, estetski izdelek s pridihom narave, ki vam bo slu\u017eil dolgo \u010dasa. Za nas ni dovolj, da boste vi le zadovoljni, na\u0161 cilj je, da boste navdu\u0161eni. Verjamemo, da z izbiro stolov in miz Stolarne, to zagotovo boste. [\/et_pb_text][\/et_pb_column][et_pb_column type=\"1_2\"][et_pb_image admin_label=\"Image\" src=\"http:\/\/www.stolarna-znidarsic.si\/wp-content\/uploads\/2014\/10\/Firma_001.jpg\" show_in_lightbox=\"off\" url_new_window=\"off\" animation=\"left\" sticky=\"off\" \/][\/et_pb_column][\/et_pb_row][\/et_pb_section][et_pb_section fullwidth=\"off\" specialty=\"off\" transparent_background=\"off\" background_color=\"#cd4708\" inner_shadow=\"off\" parallax=\"off\" parallax_method=\"off\" module_class=\"glavna_1\" background_image=\"http:\/\/www.stolarna-znidarsic.si\/wp-content\/uploads\/2014\/10\/Background_01.jpg\"][et_pb_row][et_pb_column type=\"1_2\"][et_pb_image admin_label=\"Image\" src=\"http:\/\/www.stolarna-znidarsic.si\/wp-content\/uploads\/2014\/10\/stol_november.png\" show_in_lightbox=\"off\" url_new_window=\"off\" animation=\"left\" sticky=\"off\" \/][\/et_pb_column][et_pb_column type=\"1_2\"][et_pb_text admin_label=\"Text\" background_layout=\"light\" text_orientation=\"left\" module_id=\"nase-nacelo\"]<\/p><h2 class=\"p1\" style=\"text-align: center;\">Poslanstvo<\/h2><p style=\"text-align: left;\">Z na\u0161o dolgoletno tradicijo smo spoznali lepote in skrivnosti lesa in s tem pridobili znanje kakovostne obdelave. Zato kupcem zagotavljamo visoko kakovost, prilagodljivost, osebni pristop in uporabo okolju \u00a0prijaznih materialov. Na\u0161i izdelki so mojstrovine, ki zadovoljijo tudi najbolj zahtevne kupce.<\/p><p style=\"text-align: left;\">Svojo pot bomo utrjevali z vlaganjem in posodabljanjem tehnologije v proizvodnji, motiviranostjo in usposabljanjem zaposlenih na podro\u010dju razvoja, ter krepitvijo partnerskih odnosov s poslovnimi partnerji.<\/p><p>[\/et_pb_text][\/et_pb_column][\/et_pb_row][\/et_pb_section][et_pb_section fullwidth=\"off\" specialty=\"off\"][et_pb_row][et_pb_column type=\"4_4\"][et_pb_text admin_label=\"Text\" background_layout=\"light\" text_orientation=\"left\" module_id=\"onas-text\"]<\/p><h2 class=\"p1\" style=\"text-align: center;\">Vizija<\/h2><p style=\"text-align: center;\">Postati prepoznavno podjetje na podro\u010dju\u00a0 izdelave stolov in miz na doma\u010dem\u00a0 in tujem trgu. Kupci nas bodo prepoznali po visoki kakovosti in oblikovalsko dovr\u0161enem dizajnu.<\/p><p>[\/et_pb_text][\/et_pb_column][\/et_pb_row][\/et_pb_section]<\/p>","_et_gb_content_width":"","footnotes":""},"yoast_head":"<!-- This site is optimized with the Yoast SEO plugin v22.1 - https:\/\/yoast.com\/wordpress\/plugins\/seo\/ -->\n<title>About us | Stolarna \u017dnidar\u0161i\u010d<\/title>\n<meta name=\"robots\" content=\"index, follow, max-snippet:-1, max-image-preview:large, max-video-preview:-1\" \/>\n<link rel=\"canonical\" href=\"https:\/\/www.stolarna-znidarsic.si\/en\/\" \/>\n<meta property=\"og:locale\" content=\"en_US\" \/>\n<meta property=\"og:type\" content=\"article\" \/>\n<meta property=\"og:title\" content=\"About us | Stolarna \u017dnidar\u0161i\u010d\" \/>\n<meta property=\"og:description\" content=\"Stolarna The Stolarna company has more than 100 years of tradition. Its success story began back in 1911, when the landowner Ivan \u0160teh built a steam sawmill and a mill. These were the beginnings of the wood processing industry in the village of Dobrepolje. In the following years, \u0160teh was joined by Anton Drobni\u010d [&hellip;]\" \/>\n<meta property=\"og:url\" content=\"https:\/\/www.stolarna-znidarsic.si\/en\/\" \/>\n<meta property=\"og:site_name\" content=\"Stolarna \u017dnidar\u0161i\u010d\" \/>\n<meta property=\"article:modified_time\" content=\"2018-02-05T07:46:01+00:00\" \/>\n<meta name=\"twitter:label1\" content=\"Est. reading time\" \/>\n\t<meta name=\"twitter:data1\" content=\"4 minutes\" \/>\n<script type=\"application\/ld+json\" class=\"yoast-schema-graph\">{\"@context\":\"https:\/\/schema.org\",\"@graph\":[{\"@type\":\"WebPage\",\"@id\":\"https:\/\/www.stolarna-znidarsic.si\/en\/\",\"url\":\"https:\/\/www.stolarna-znidarsic.si\/en\/\",\"name\":\"About us | Stolarna \u017dnidar\u0161i\u010d\",\"isPartOf\":{\"@id\":\"https:\/\/www.stolarna-znidarsic.si\/#website\"},\"datePublished\":\"2015-01-10T20:32:01+00:00\",\"dateModified\":\"2018-02-05T07:46:01+00:00\",\"breadcrumb\":{\"@id\":\"https:\/\/www.stolarna-znidarsic.si\/en\/#breadcrumb\"},\"inLanguage\":\"en-US\",\"potentialAction\":[{\"@type\":\"ReadAction\",\"target\":[\"https:\/\/www.stolarna-znidarsic.si\/en\/\"]}]},{\"@type\":\"BreadcrumbList\",\"@id\":\"https:\/\/www.stolarna-znidarsic.si\/en\/#breadcrumb\",\"itemListElement\":[{\"@type\":\"ListItem\",\"position\":1,\"name\":\"Home\",\"item\":\"https:\/\/www.stolarna-znidarsic.si\/en\/\"},{\"@type\":\"ListItem\",\"position\":2,\"name\":\"About us\"}]},{\"@type\":\"WebSite\",\"@id\":\"https:\/\/www.stolarna-znidarsic.si\/#website\",\"url\":\"https:\/\/www.stolarna-znidarsic.si\/\",\"name\":\"Stolarna \u017dnidar\u0161i\u010d\",\"description\":\"\",\"potentialAction\":[{\"@type\":\"SearchAction\",\"target\":{\"@type\":\"EntryPoint\",\"urlTemplate\":\"https:\/\/www.stolarna-znidarsic.si\/?s={search_term_string}\"},\"query-input\":\"required name=search_term_string\"}],\"inLanguage\":\"en-US\"}]}<\/script>\n<!-- \/ Yoast SEO plugin. -->","yoast_head_json":{"title":"About us | Stolarna \u017dnidar\u0161i\u010d","robots":{"index":"index","follow":"follow","max-snippet":"max-snippet:-1","max-image-preview":"max-image-preview:large","max-video-preview":"max-video-preview:-1"},"canonical":"https:\/\/www.stolarna-znidarsic.si\/en\/","og_locale":"en_US","og_type":"article","og_title":"About us | Stolarna \u017dnidar\u0161i\u010d","og_description":"Stolarna The Stolarna company has more than 100 years of tradition. Its success story began back in 1911, when the landowner Ivan \u0160teh built a steam sawmill and a mill. These were the beginnings of the wood processing industry in the village of Dobrepolje. In the following years, \u0160teh was joined by Anton Drobni\u010d [&hellip;]","og_url":"https:\/\/www.stolarna-znidarsic.si\/en\/","og_site_name":"Stolarna \u017dnidar\u0161i\u010d","article_modified_time":"2018-02-05T07:46:01+00:00","twitter_misc":{"Est. reading time":"4 minutes"},"schema":{"@context":"https:\/\/schema.org","@graph":[{"@type":"WebPage","@id":"https:\/\/www.stolarna-znidarsic.si\/en\/","url":"https:\/\/www.stolarna-znidarsic.si\/en\/","name":"About us | Stolarna \u017dnidar\u0161i\u010d","isPartOf":{"@id":"https:\/\/www.stolarna-znidarsic.si\/#website"},"datePublished":"2015-01-10T20:32:01+00:00","dateModified":"2018-02-05T07:46:01+00:00","breadcrumb":{"@id":"https:\/\/www.stolarna-znidarsic.si\/en\/#breadcrumb"},"inLanguage":"en-US","potentialAction":[{"@type":"ReadAction","target":["https:\/\/www.stolarna-znidarsic.si\/en\/"]}]},{"@type":"BreadcrumbList","@id":"https:\/\/www.stolarna-znidarsic.si\/en\/#breadcrumb","itemListElement":[{"@type":"ListItem","position":1,"name":"Home","item":"https:\/\/www.stolarna-znidarsic.si\/en\/"},{"@type":"ListItem","position":2,"name":"About us"}]},{"@type":"WebSite","@id":"https:\/\/www.stolarna-znidarsic.si\/#website","url":"https:\/\/www.stolarna-znidarsic.si\/","name":"Stolarna \u017dnidar\u0161i\u010d","description":"","potentialAction":[{"@type":"SearchAction","target":{"@type":"EntryPoint","urlTemplate":"https:\/\/www.stolarna-znidarsic.si\/?s={search_term_string}"},"query-input":"required name=search_term_string"}],"inLanguage":"en-US"}]}},"_links":{"self":[{"href":"https:\/\/www.stolarna-znidarsic.si\/en\/wp-json\/wp\/v2\/pages\/656"}],"collection":[{"href":"https:\/\/www.stolarna-znidarsic.si\/en\/wp-json\/wp\/v2\/pages"}],"about":[{"href":"https:\/\/www.stolarna-znidarsic.si\/en\/wp-json\/wp\/v2\/types\/page"}],"author":[{"embeddable":true,"href":"https:\/\/www.stolarna-znidarsic.si\/en\/wp-json\/wp\/v2\/users\/5"}],"replies":[{"embeddable":true,"href":"https:\/\/www.stolarna-znidarsic.si\/en\/wp-json\/wp\/v2\/comments?post=656"}],"version-history":[{"count":10,"href":"https:\/\/www.stolarna-znidarsic.si\/en\/wp-json\/wp\/v2\/pages\/656\/revisions"}],"predecessor-version":[{"id":1346,"href":"https:\/\/www.stolarna-znidarsic.si\/en\/wp-json\/wp\/v2\/pages\/656\/revisions\/1346"}],"wp:attachment":[{"href":"https:\/\/www.stolarna-znidarsic.si\/en\/wp-json\/wp\/v2\/media?parent=656"}],"curies":[{"name":"wp","href":"https:\/\/api.w.org\/{rel}","templated":true}]}}