{"id":1314,"date":"2018-02-01T14:53:06","date_gmt":"2018-02-01T13:53:06","guid":{"rendered":"http:\/\/www.stolarna.si\/en\/izdelek\/table-021\/"},"modified":"2018-02-05T08:26:27","modified_gmt":"2018-02-05T07:26:27","slug":"table-021","status":"publish","type":"product","link":"https:\/\/www.stolarna-znidarsic.si\/en\/izdelek\/table-021\/","title":{"rendered":"Table &#8211; 021"},"content":{"rendered":"","protected":false},"excerpt":{"rendered":"<p><em>oak, walnut, beech<\/em><\/p>\n<p>Dimensions:<\/p>\n<p><img loading=\"lazy\" decoding=\"async\" class=\"alignnone size-full wp-image-348\" src=\"http:\/\/www.stolarna-znidarsic.si\/wp-content\/uploads\/2014\/10\/Ikonce_Miza-Sirina.png\" alt=\"Ikonce_Miza-Sirina\" width=\"33\" height=\"18\" \/>\u00a0900 mm<br \/>\n<img loading=\"lazy\" decoding=\"async\" class=\"alignnone size-full wp-image-347\" src=\"http:\/\/www.stolarna-znidarsic.si\/wp-content\/uploads\/2014\/10\/Ikonce_Miza-Dolzina.png\" alt=\"Ikonce_Miza-Dolzina\" width=\"33\" height=\"18\" \/>\u00a01800 mm<\/p>\n<p>or<\/p>\n<p><img loading=\"lazy\" decoding=\"async\" class=\"alignnone size-full wp-image-348\" src=\"http:\/\/www.stolarna-znidarsic.si\/wp-content\/uploads\/2014\/10\/Ikonce_Miza-Sirina.png\" alt=\"Ikonce_Miza-Sirina\" width=\"33\" height=\"18\" \/>\u00a01000 mm<br \/>\n<img loading=\"lazy\" decoding=\"async\" class=\"alignnone size-full wp-image-347\" src=\"http:\/\/www.stolarna-znidarsic.si\/wp-content\/uploads\/2014\/10\/Ikonce_Miza-Dolzina.png\" alt=\"Ikonce_Miza-Dolzina\" width=\"33\" height=\"18\" \/>\u00a02000\u00a0mm<\/p>\n<p>All the tables are possible in combination with different types of plates.<\/p>\n","protected":false},"featured_media":1315,"comment_status":"open","ping_status":"closed","template":"","meta":{"_et_pb_use_builder":"","_et_pb_old_content":"","_et_gb_content_width":""},"product_cat":[33],"product_tag":[],"yoast_head":"<!-- This site is optimized with the Yoast SEO plugin v22.1 - https:\/\/yoast.com\/wordpress\/plugins\/seo\/ -->\n<title>Table - 021 | Product | Stolarna \u017dnidar\u0161i\u010d<\/title>\n<meta name=\"robots\" content=\"index, follow, max-snippet:-1, max-image-preview:large, max-video-preview:-1\" \/>\n<link rel=\"canonical\" href=\"https:\/\/www.stolarna-znidarsic.si\/en\/izdelek\/table-021\/\" \/>\n<meta property=\"og:locale\" content=\"en_US\" \/>\n<meta property=\"og:type\" content=\"article\" \/>\n<meta property=\"og:title\" content=\"Table - 021 | Product | Stolarna \u017dnidar\u0161i\u010d\" \/>\n<meta property=\"og:description\" content=\"oak, walnut, beech  Dimensions:  \u00a0900 mm \u00a01800 mm  or  \u00a01000 mm \u00a02000\u00a0mm  All the tables are possible in combination with different types of plates.\" \/>\n<meta property=\"og:url\" content=\"https:\/\/www.stolarna-znidarsic.si\/en\/izdelek\/table-021\/\" \/>\n<meta property=\"og:site_name\" content=\"Stolarna \u017dnidar\u0161i\u010d\" \/>\n<meta property=\"article:modified_time\" content=\"2018-02-05T07:26:27+00:00\" \/>\n<meta property=\"og:image\" content=\"https:\/\/www.stolarna-znidarsic.si\/wp-content\/uploads\/2018\/02\/Table-021.jpg\" \/>\n\t<meta property=\"og:image:width\" content=\"800\" \/>\n\t<meta property=\"og:image:height\" content=\"800\" \/>\n\t<meta property=\"og:image:type\" content=\"image\/jpeg\" \/>\n<script type=\"application\/ld+json\" class=\"yoast-schema-graph\">{\"@context\":\"https:\/\/schema.org\",\"@graph\":[{\"@type\":\"WebPage\",\"@id\":\"https:\/\/www.stolarna-znidarsic.si\/en\/izdelek\/table-021\/\",\"url\":\"https:\/\/www.stolarna-znidarsic.si\/en\/izdelek\/table-021\/\",\"name\":\"Table - 021 | Product | Stolarna \u017dnidar\u0161i\u010d\",\"isPartOf\":{\"@id\":\"https:\/\/www.stolarna-znidarsic.si\/#website\"},\"datePublished\":\"2018-02-01T13:53:06+00:00\",\"dateModified\":\"2018-02-05T07:26:27+00:00\",\"breadcrumb\":{\"@id\":\"https:\/\/www.stolarna-znidarsic.si\/en\/izdelek\/table-021\/#breadcrumb\"},\"inLanguage\":\"en-US\",\"potentialAction\":[{\"@type\":\"ReadAction\",\"target\":[\"https:\/\/www.stolarna-znidarsic.si\/en\/izdelek\/table-021\/\"]}]},{\"@type\":\"BreadcrumbList\",\"@id\":\"https:\/\/www.stolarna-znidarsic.si\/en\/izdelek\/table-021\/#breadcrumb\",\"itemListElement\":[{\"@type\":\"ListItem\",\"position\":1,\"name\":\"Home\",\"item\":\"https:\/\/www.stolarna-znidarsic.si\/en\/\"},{\"@type\":\"ListItem\",\"position\":2,\"name\":\"Products\",\"item\":\"https:\/\/www.stolarna-znidarsic.si\/en\/shop\/\"},{\"@type\":\"ListItem\",\"position\":3,\"name\":\"Table &#8211; 021\"}]},{\"@type\":\"WebSite\",\"@id\":\"https:\/\/www.stolarna-znidarsic.si\/#website\",\"url\":\"https:\/\/www.stolarna-znidarsic.si\/\",\"name\":\"Stolarna \u017dnidar\u0161i\u010d\",\"description\":\"\",\"potentialAction\":[{\"@type\":\"SearchAction\",\"target\":{\"@type\":\"EntryPoint\",\"urlTemplate\":\"https:\/\/www.stolarna-znidarsic.si\/?s={search_term_string}\"},\"query-input\":\"required name=search_term_string\"}],\"inLanguage\":\"en-US\"}]}<\/script>\n<!-- \/ Yoast SEO plugin. -->","yoast_head_json":{"title":"Table - 021 | Product | Stolarna \u017dnidar\u0161i\u010d","robots":{"index":"index","follow":"follow","max-snippet":"max-snippet:-1","max-image-preview":"max-image-preview:large","max-video-preview":"max-video-preview:-1"},"canonical":"https:\/\/www.stolarna-znidarsic.si\/en\/izdelek\/table-021\/","og_locale":"en_US","og_type":"article","og_title":"Table - 021 | Product | Stolarna \u017dnidar\u0161i\u010d","og_description":"oak, walnut, beech  Dimensions:  \u00a0900 mm \u00a01800 mm  or  \u00a01000 mm \u00a02000\u00a0mm  All the tables are possible in combination with different types of plates.","og_url":"https:\/\/www.stolarna-znidarsic.si\/en\/izdelek\/table-021\/","og_site_name":"Stolarna \u017dnidar\u0161i\u010d","article_modified_time":"2018-02-05T07:26:27+00:00","og_image":[{"width":800,"height":800,"url":"https:\/\/www.stolarna-znidarsic.si\/wp-content\/uploads\/2018\/02\/Table-021.jpg","type":"image\/jpeg"}],"schema":{"@context":"https:\/\/schema.org","@graph":[{"@type":"WebPage","@id":"https:\/\/www.stolarna-znidarsic.si\/en\/izdelek\/table-021\/","url":"https:\/\/www.stolarna-znidarsic.si\/en\/izdelek\/table-021\/","name":"Table - 021 | Product | Stolarna \u017dnidar\u0161i\u010d","isPartOf":{"@id":"https:\/\/www.stolarna-znidarsic.si\/#website"},"datePublished":"2018-02-01T13:53:06+00:00","dateModified":"2018-02-05T07:26:27+00:00","breadcrumb":{"@id":"https:\/\/www.stolarna-znidarsic.si\/en\/izdelek\/table-021\/#breadcrumb"},"inLanguage":"en-US","potentialAction":[{"@type":"ReadAction","target":["https:\/\/www.stolarna-znidarsic.si\/en\/izdelek\/table-021\/"]}]},{"@type":"BreadcrumbList","@id":"https:\/\/www.stolarna-znidarsic.si\/en\/izdelek\/table-021\/#breadcrumb","itemListElement":[{"@type":"ListItem","position":1,"name":"Home","item":"https:\/\/www.stolarna-znidarsic.si\/en\/"},{"@type":"ListItem","position":2,"name":"Products","item":"https:\/\/www.stolarna-znidarsic.si\/en\/shop\/"},{"@type":"ListItem","position":3,"name":"Table &#8211; 021"}]},{"@type":"WebSite","@id":"https:\/\/www.stolarna-znidarsic.si\/#website","url":"https:\/\/www.stolarna-znidarsic.si\/","name":"Stolarna \u017dnidar\u0161i\u010d","description":"","potentialAction":[{"@type":"SearchAction","target":{"@type":"EntryPoint","urlTemplate":"https:\/\/www.stolarna-znidarsic.si\/?s={search_term_string}"},"query-input":"required name=search_term_string"}],"inLanguage":"en-US"}]}},"_links":{"self":[{"href":"https:\/\/www.stolarna-znidarsic.si\/en\/wp-json\/wp\/v2\/product\/1314"}],"collection":[{"href":"https:\/\/www.stolarna-znidarsic.si\/en\/wp-json\/wp\/v2\/product"}],"about":[{"href":"https:\/\/www.stolarna-znidarsic.si\/en\/wp-json\/wp\/v2\/types\/product"}],"replies":[{"embeddable":true,"href":"https:\/\/www.stolarna-znidarsic.si\/en\/wp-json\/wp\/v2\/comments?post=1314"}],"wp:featuredmedia":[{"embeddable":true,"href":"https:\/\/www.stolarna-znidarsic.si\/en\/wp-json\/wp\/v2\/media\/1315"}],"wp:attachment":[{"href":"https:\/\/www.stolarna-znidarsic.si\/en\/wp-json\/wp\/v2\/media?parent=1314"}],"wp:term":[{"taxonomy":"product_cat","embeddable":true,"href":"https:\/\/www.stolarna-znidarsic.si\/en\/wp-json\/wp\/v2\/product_cat?post=1314"},{"taxonomy":"product_tag","embeddable":true,"href":"https:\/\/www.stolarna-znidarsic.si\/en\/wp-json\/wp\/v2\/product_tag?post=1314"}],"curies":[{"name":"wp","href":"https:\/\/api.w.org\/{rel}","templated":true}]}}