{"id":683,"date":"2015-01-11T22:21:20","date_gmt":"2015-01-11T21:21:20","guid":{"rendered":"http:\/\/www.stolarna-znidarsic.si\/?post_type=product&#038;p=683"},"modified":"2015-03-30T12:21:46","modified_gmt":"2015-03-30T10:21:46","slug":"chair-armrest-nik","status":"publish","type":"product","link":"https:\/\/www.stolarna-znidarsic.si\/en\/izdelek\/chair-armrest-nik\/","title":{"rendered":"Chair with armrest Nik"},"content":{"rendered":"","protected":false},"excerpt":{"rendered":"<p><em>structural beech, beech, oak,\u00a0walnut<\/em><\/p>\n<p><img loading=\"lazy\" decoding=\"async\" class=\"alignnone size-full wp-image-351\" src=\"http:\/\/www.stolarna-znidarsic.si\/wp-content\/uploads\/2014\/10\/Ikonce_Stol-Visina.png\" alt=\"Ikonce_Stol-Visina\" width=\"14\" height=\"23\" \/> 94 cm<br \/>\n<img loading=\"lazy\" decoding=\"async\" class=\"alignnone size-full wp-image-350\" src=\"http:\/\/www.stolarna-znidarsic.si\/wp-content\/uploads\/2014\/10\/Ikonce_Stol-Sirina.png\" alt=\"Ikonce_Stol-Sirina\" width=\"14\" height=\"23\" \/> 54,5 cm<br \/>\n<img loading=\"lazy\" decoding=\"async\" class=\"alignnone size-full wp-image-349\" src=\"http:\/\/www.stolarna-znidarsic.si\/wp-content\/uploads\/2014\/10\/Ikonce_Stol-Dolzina.png\" alt=\"Ikonce_Stol-Dolzina\" width=\"14\" height=\"23\" \/> 42 cm<br \/>\n<img loading=\"lazy\" decoding=\"async\" class=\"alignnone size-full wp-image-352\" src=\"http:\/\/www.stolarna-znidarsic.si\/wp-content\/uploads\/2014\/10\/Ikonce_Stol-VisinaNoge.png\" alt=\"Ikonce_Stol-VisinaNoge\" width=\"14\" height=\"23\" \/> 45 cm<\/p>\n<p>&nbsp;<\/p>\n","protected":false},"featured_media":309,"comment_status":"open","ping_status":"closed","template":"","meta":{"_et_pb_use_builder":"","_et_pb_old_content":"","_et_gb_content_width":""},"product_cat":[24],"product_tag":[],"yoast_head":"<!-- This site is optimized with the Yoast SEO plugin v22.1 - https:\/\/yoast.com\/wordpress\/plugins\/seo\/ -->\n<title>Chair with armrest Nik | Product | Stolarna \u017dnidar\u0161i\u010d<\/title>\n<meta name=\"robots\" content=\"index, follow, max-snippet:-1, max-image-preview:large, max-video-preview:-1\" \/>\n<link rel=\"canonical\" href=\"https:\/\/www.stolarna-znidarsic.si\/en\/izdelek\/chair-armrest-nik\/\" \/>\n<meta property=\"og:locale\" content=\"en_US\" \/>\n<meta property=\"og:type\" content=\"article\" \/>\n<meta property=\"og:title\" content=\"Chair with armrest Nik | Product | Stolarna \u017dnidar\u0161i\u010d\" \/>\n<meta property=\"og:description\" content=\"structural beech, beech, oak,\u00a0walnut   94 cm  54,5 cm  42 cm  45 cm  &nbsp;\" \/>\n<meta property=\"og:url\" content=\"https:\/\/www.stolarna-znidarsic.si\/en\/izdelek\/chair-armrest-nik\/\" \/>\n<meta property=\"og:site_name\" content=\"Stolarna \u017dnidar\u0161i\u010d\" \/>\n<meta property=\"article:modified_time\" content=\"2015-03-30T10:21:46+00:00\" \/>\n<meta property=\"og:image\" content=\"https:\/\/www.stolarna-znidarsic.si\/wp-content\/uploads\/2014\/10\/stol-Nik-fotelj.jpg\" \/>\n\t<meta property=\"og:image:width\" content=\"710\" \/>\n\t<meta property=\"og:image:height\" content=\"710\" \/>\n\t<meta property=\"og:image:type\" content=\"image\/jpeg\" \/>\n<script type=\"application\/ld+json\" class=\"yoast-schema-graph\">{\"@context\":\"https:\/\/schema.org\",\"@graph\":[{\"@type\":\"WebPage\",\"@id\":\"https:\/\/www.stolarna-znidarsic.si\/en\/izdelek\/chair-armrest-nik\/\",\"url\":\"https:\/\/www.stolarna-znidarsic.si\/en\/izdelek\/chair-armrest-nik\/\",\"name\":\"Chair with armrest Nik | Product | Stolarna \u017dnidar\u0161i\u010d\",\"isPartOf\":{\"@id\":\"https:\/\/www.stolarna-znidarsic.si\/#website\"},\"datePublished\":\"2015-01-11T21:21:20+00:00\",\"dateModified\":\"2015-03-30T10:21:46+00:00\",\"breadcrumb\":{\"@id\":\"https:\/\/www.stolarna-znidarsic.si\/en\/izdelek\/chair-armrest-nik\/#breadcrumb\"},\"inLanguage\":\"en-US\",\"potentialAction\":[{\"@type\":\"ReadAction\",\"target\":[\"https:\/\/www.stolarna-znidarsic.si\/en\/izdelek\/chair-armrest-nik\/\"]}]},{\"@type\":\"BreadcrumbList\",\"@id\":\"https:\/\/www.stolarna-znidarsic.si\/en\/izdelek\/chair-armrest-nik\/#breadcrumb\",\"itemListElement\":[{\"@type\":\"ListItem\",\"position\":1,\"name\":\"Home\",\"item\":\"https:\/\/www.stolarna-znidarsic.si\/en\/\"},{\"@type\":\"ListItem\",\"position\":2,\"name\":\"Products\",\"item\":\"https:\/\/www.stolarna-znidarsic.si\/en\/shop\/\"},{\"@type\":\"ListItem\",\"position\":3,\"name\":\"Chair with armrest Nik\"}]},{\"@type\":\"WebSite\",\"@id\":\"https:\/\/www.stolarna-znidarsic.si\/#website\",\"url\":\"https:\/\/www.stolarna-znidarsic.si\/\",\"name\":\"Stolarna \u017dnidar\u0161i\u010d\",\"description\":\"\",\"potentialAction\":[{\"@type\":\"SearchAction\",\"target\":{\"@type\":\"EntryPoint\",\"urlTemplate\":\"https:\/\/www.stolarna-znidarsic.si\/?s={search_term_string}\"},\"query-input\":\"required name=search_term_string\"}],\"inLanguage\":\"en-US\"}]}<\/script>\n<!-- \/ Yoast SEO plugin. -->","yoast_head_json":{"title":"Chair with armrest Nik | Product | Stolarna \u017dnidar\u0161i\u010d","robots":{"index":"index","follow":"follow","max-snippet":"max-snippet:-1","max-image-preview":"max-image-preview:large","max-video-preview":"max-video-preview:-1"},"canonical":"https:\/\/www.stolarna-znidarsic.si\/en\/izdelek\/chair-armrest-nik\/","og_locale":"en_US","og_type":"article","og_title":"Chair with armrest Nik | Product | Stolarna \u017dnidar\u0161i\u010d","og_description":"structural beech, beech, oak,\u00a0walnut   94 cm  54,5 cm  42 cm  45 cm  &nbsp;","og_url":"https:\/\/www.stolarna-znidarsic.si\/en\/izdelek\/chair-armrest-nik\/","og_site_name":"Stolarna \u017dnidar\u0161i\u010d","article_modified_time":"2015-03-30T10:21:46+00:00","og_image":[{"width":710,"height":710,"url":"https:\/\/www.stolarna-znidarsic.si\/wp-content\/uploads\/2014\/10\/stol-Nik-fotelj.jpg","type":"image\/jpeg"}],"schema":{"@context":"https:\/\/schema.org","@graph":[{"@type":"WebPage","@id":"https:\/\/www.stolarna-znidarsic.si\/en\/izdelek\/chair-armrest-nik\/","url":"https:\/\/www.stolarna-znidarsic.si\/en\/izdelek\/chair-armrest-nik\/","name":"Chair with armrest Nik | Product | Stolarna \u017dnidar\u0161i\u010d","isPartOf":{"@id":"https:\/\/www.stolarna-znidarsic.si\/#website"},"datePublished":"2015-01-11T21:21:20+00:00","dateModified":"2015-03-30T10:21:46+00:00","breadcrumb":{"@id":"https:\/\/www.stolarna-znidarsic.si\/en\/izdelek\/chair-armrest-nik\/#breadcrumb"},"inLanguage":"en-US","potentialAction":[{"@type":"ReadAction","target":["https:\/\/www.stolarna-znidarsic.si\/en\/izdelek\/chair-armrest-nik\/"]}]},{"@type":"BreadcrumbList","@id":"https:\/\/www.stolarna-znidarsic.si\/en\/izdelek\/chair-armrest-nik\/#breadcrumb","itemListElement":[{"@type":"ListItem","position":1,"name":"Home","item":"https:\/\/www.stolarna-znidarsic.si\/en\/"},{"@type":"ListItem","position":2,"name":"Products","item":"https:\/\/www.stolarna-znidarsic.si\/en\/shop\/"},{"@type":"ListItem","position":3,"name":"Chair with armrest Nik"}]},{"@type":"WebSite","@id":"https:\/\/www.stolarna-znidarsic.si\/#website","url":"https:\/\/www.stolarna-znidarsic.si\/","name":"Stolarna \u017dnidar\u0161i\u010d","description":"","potentialAction":[{"@type":"SearchAction","target":{"@type":"EntryPoint","urlTemplate":"https:\/\/www.stolarna-znidarsic.si\/?s={search_term_string}"},"query-input":"required name=search_term_string"}],"inLanguage":"en-US"}]}},"_links":{"self":[{"href":"https:\/\/www.stolarna-znidarsic.si\/en\/wp-json\/wp\/v2\/product\/683"}],"collection":[{"href":"https:\/\/www.stolarna-znidarsic.si\/en\/wp-json\/wp\/v2\/product"}],"about":[{"href":"https:\/\/www.stolarna-znidarsic.si\/en\/wp-json\/wp\/v2\/types\/product"}],"replies":[{"embeddable":true,"href":"https:\/\/www.stolarna-znidarsic.si\/en\/wp-json\/wp\/v2\/comments?post=683"}],"wp:featuredmedia":[{"embeddable":true,"href":"https:\/\/www.stolarna-znidarsic.si\/en\/wp-json\/wp\/v2\/media\/309"}],"wp:attachment":[{"href":"https:\/\/www.stolarna-znidarsic.si\/en\/wp-json\/wp\/v2\/media?parent=683"}],"wp:term":[{"taxonomy":"product_cat","embeddable":true,"href":"https:\/\/www.stolarna-znidarsic.si\/en\/wp-json\/wp\/v2\/product_cat?post=683"},{"taxonomy":"product_tag","embeddable":true,"href":"https:\/\/www.stolarna-znidarsic.si\/en\/wp-json\/wp\/v2\/product_tag?post=683"}],"curies":[{"name":"wp","href":"https:\/\/api.w.org\/{rel}","templated":true}]}}