{"id":695,"date":"2015-01-11T22:38:56","date_gmt":"2015-01-11T21:38:56","guid":{"rendered":"http:\/\/www.stolarna-znidarsic.si\/?post_type=product&#038;p=695"},"modified":"2015-12-23T10:54:21","modified_gmt":"2015-12-23T09:54:21","slug":"table-sarina","status":"publish","type":"product","link":"https:\/\/www.stolarna-znidarsic.si\/en\/izdelek\/table-sarina\/","title":{"rendered":"Table Sarina"},"content":{"rendered":"","protected":false},"excerpt":{"rendered":"<p><em>beech,\u00a0oak<\/em><\/p>\n<p>Dimensions:<\/p>\n<p><a class=\"et_pb_lightbox_image\" href=\"http:\/\/www.stolarna-znidarsic.si\/wp-content\/uploads\/2014\/10\/Ikonce_Miza-Sirina.png\"><img loading=\"lazy\" decoding=\"async\" class=\"alignnone size-full wp-image-348\" src=\"http:\/\/www.stolarna-znidarsic.si\/wp-content\/uploads\/2014\/10\/Ikonce_Miza-Sirina.png\" alt=\"Ikonce_Miza-Sirina\" width=\"33\" height=\"18\" \/><\/a>\u00a090 cm<br \/>\n<a class=\"et_pb_lightbox_image\" href=\"http:\/\/www.stolarna-znidarsic.si\/wp-content\/uploads\/2014\/10\/Ikonce_Miza-Dolzina.png\"><img loading=\"lazy\" decoding=\"async\" class=\"alignnone size-full wp-image-347\" src=\"http:\/\/www.stolarna-znidarsic.si\/wp-content\/uploads\/2014\/10\/Ikonce_Miza-Dolzina.png\" alt=\"Ikonce_Miza-Dolzina\" width=\"33\" height=\"18\" \/><\/a>\u00a0130\/170 cm<\/p>\n<p><a class=\"et_pb_lightbox_image\" href=\"http:\/\/www.stolarna-znidarsic.si\/wp-content\/uploads\/2014\/10\/Ikonce_Miza-Sirina.png\"><img loading=\"lazy\" decoding=\"async\" class=\"alignnone size-full wp-image-348\" src=\"http:\/\/www.stolarna-znidarsic.si\/wp-content\/uploads\/2014\/10\/Ikonce_Miza-Sirina.png\" alt=\"Ikonce_Miza-Sirina\" width=\"33\" height=\"18\" \/><\/a>\u00a0100 cm<br \/>\n<a class=\"et_pb_lightbox_image\" href=\"http:\/\/www.stolarna-znidarsic.si\/wp-content\/uploads\/2014\/10\/Ikonce_Miza-Dolzina.png\"><img loading=\"lazy\" decoding=\"async\" class=\"alignnone size-full wp-image-347\" src=\"http:\/\/www.stolarna-znidarsic.si\/wp-content\/uploads\/2014\/10\/Ikonce_Miza-Dolzina.png\" alt=\"Ikonce_Miza-Dolzina\" width=\"33\" height=\"18\" \/><\/a>\u00a0150\/200 cm<\/p>\n<p>&nbsp;<\/p>\n","protected":false},"featured_media":301,"comment_status":"open","ping_status":"closed","template":"","meta":{"_et_pb_use_builder":"","_et_pb_old_content":"","_et_gb_content_width":""},"product_cat":[],"product_tag":[],"yoast_head":"<!-- This site is optimized with the Yoast SEO plugin v22.1 - https:\/\/yoast.com\/wordpress\/plugins\/seo\/ -->\n<title>Table Sarina | Product | Stolarna \u017dnidar\u0161i\u010d<\/title>\n<meta name=\"robots\" content=\"index, follow, max-snippet:-1, max-image-preview:large, max-video-preview:-1\" \/>\n<link rel=\"canonical\" href=\"https:\/\/www.stolarna-znidarsic.si\/en\/izdelek\/table-sarina\/\" \/>\n<meta property=\"og:locale\" content=\"en_US\" \/>\n<meta property=\"og:type\" content=\"article\" \/>\n<meta property=\"og:title\" content=\"Table Sarina | Product | Stolarna \u017dnidar\u0161i\u010d\" \/>\n<meta property=\"og:description\" content=\"beech,\u00a0oak  Dimensions:  \u00a090 cm \u00a0130\/170 cm  \u00a0100 cm \u00a0150\/200 cm  &nbsp;\" \/>\n<meta property=\"og:url\" content=\"https:\/\/www.stolarna-znidarsic.si\/en\/izdelek\/table-sarina\/\" \/>\n<meta property=\"og:site_name\" content=\"Stolarna \u017dnidar\u0161i\u010d\" \/>\n<meta property=\"article:modified_time\" content=\"2015-12-23T09:54:21+00:00\" \/>\n<meta property=\"og:image\" content=\"https:\/\/www.stolarna-znidarsic.si\/wp-content\/uploads\/2014\/10\/miza-Sarina1.jpg\" \/>\n\t<meta property=\"og:image:width\" content=\"710\" \/>\n\t<meta property=\"og:image:height\" content=\"710\" \/>\n\t<meta property=\"og:image:type\" content=\"image\/jpeg\" \/>\n<script type=\"application\/ld+json\" class=\"yoast-schema-graph\">{\"@context\":\"https:\/\/schema.org\",\"@graph\":[{\"@type\":\"WebPage\",\"@id\":\"https:\/\/www.stolarna-znidarsic.si\/en\/izdelek\/table-sarina\/\",\"url\":\"https:\/\/www.stolarna-znidarsic.si\/en\/izdelek\/table-sarina\/\",\"name\":\"Table Sarina | Product | Stolarna \u017dnidar\u0161i\u010d\",\"isPartOf\":{\"@id\":\"https:\/\/www.stolarna-znidarsic.si\/#website\"},\"datePublished\":\"2015-01-11T21:38:56+00:00\",\"dateModified\":\"2015-12-23T09:54:21+00:00\",\"breadcrumb\":{\"@id\":\"https:\/\/www.stolarna-znidarsic.si\/en\/izdelek\/table-sarina\/#breadcrumb\"},\"inLanguage\":\"en-US\",\"potentialAction\":[{\"@type\":\"ReadAction\",\"target\":[\"https:\/\/www.stolarna-znidarsic.si\/en\/izdelek\/table-sarina\/\"]}]},{\"@type\":\"BreadcrumbList\",\"@id\":\"https:\/\/www.stolarna-znidarsic.si\/en\/izdelek\/table-sarina\/#breadcrumb\",\"itemListElement\":[{\"@type\":\"ListItem\",\"position\":1,\"name\":\"Home\",\"item\":\"https:\/\/www.stolarna-znidarsic.si\/en\/\"},{\"@type\":\"ListItem\",\"position\":2,\"name\":\"Products\",\"item\":\"https:\/\/www.stolarna-znidarsic.si\/en\/shop\/\"},{\"@type\":\"ListItem\",\"position\":3,\"name\":\"Table Sarina\"}]},{\"@type\":\"WebSite\",\"@id\":\"https:\/\/www.stolarna-znidarsic.si\/#website\",\"url\":\"https:\/\/www.stolarna-znidarsic.si\/\",\"name\":\"Stolarna \u017dnidar\u0161i\u010d\",\"description\":\"\",\"potentialAction\":[{\"@type\":\"SearchAction\",\"target\":{\"@type\":\"EntryPoint\",\"urlTemplate\":\"https:\/\/www.stolarna-znidarsic.si\/?s={search_term_string}\"},\"query-input\":\"required name=search_term_string\"}],\"inLanguage\":\"en-US\"}]}<\/script>\n<!-- \/ Yoast SEO plugin. -->","yoast_head_json":{"title":"Table Sarina | Product | Stolarna \u017dnidar\u0161i\u010d","robots":{"index":"index","follow":"follow","max-snippet":"max-snippet:-1","max-image-preview":"max-image-preview:large","max-video-preview":"max-video-preview:-1"},"canonical":"https:\/\/www.stolarna-znidarsic.si\/en\/izdelek\/table-sarina\/","og_locale":"en_US","og_type":"article","og_title":"Table Sarina | Product | Stolarna \u017dnidar\u0161i\u010d","og_description":"beech,\u00a0oak  Dimensions:  \u00a090 cm \u00a0130\/170 cm  \u00a0100 cm \u00a0150\/200 cm  &nbsp;","og_url":"https:\/\/www.stolarna-znidarsic.si\/en\/izdelek\/table-sarina\/","og_site_name":"Stolarna \u017dnidar\u0161i\u010d","article_modified_time":"2015-12-23T09:54:21+00:00","og_image":[{"width":710,"height":710,"url":"https:\/\/www.stolarna-znidarsic.si\/wp-content\/uploads\/2014\/10\/miza-Sarina1.jpg","type":"image\/jpeg"}],"schema":{"@context":"https:\/\/schema.org","@graph":[{"@type":"WebPage","@id":"https:\/\/www.stolarna-znidarsic.si\/en\/izdelek\/table-sarina\/","url":"https:\/\/www.stolarna-znidarsic.si\/en\/izdelek\/table-sarina\/","name":"Table Sarina | Product | Stolarna \u017dnidar\u0161i\u010d","isPartOf":{"@id":"https:\/\/www.stolarna-znidarsic.si\/#website"},"datePublished":"2015-01-11T21:38:56+00:00","dateModified":"2015-12-23T09:54:21+00:00","breadcrumb":{"@id":"https:\/\/www.stolarna-znidarsic.si\/en\/izdelek\/table-sarina\/#breadcrumb"},"inLanguage":"en-US","potentialAction":[{"@type":"ReadAction","target":["https:\/\/www.stolarna-znidarsic.si\/en\/izdelek\/table-sarina\/"]}]},{"@type":"BreadcrumbList","@id":"https:\/\/www.stolarna-znidarsic.si\/en\/izdelek\/table-sarina\/#breadcrumb","itemListElement":[{"@type":"ListItem","position":1,"name":"Home","item":"https:\/\/www.stolarna-znidarsic.si\/en\/"},{"@type":"ListItem","position":2,"name":"Products","item":"https:\/\/www.stolarna-znidarsic.si\/en\/shop\/"},{"@type":"ListItem","position":3,"name":"Table Sarina"}]},{"@type":"WebSite","@id":"https:\/\/www.stolarna-znidarsic.si\/#website","url":"https:\/\/www.stolarna-znidarsic.si\/","name":"Stolarna \u017dnidar\u0161i\u010d","description":"","potentialAction":[{"@type":"SearchAction","target":{"@type":"EntryPoint","urlTemplate":"https:\/\/www.stolarna-znidarsic.si\/?s={search_term_string}"},"query-input":"required name=search_term_string"}],"inLanguage":"en-US"}]}},"_links":{"self":[{"href":"https:\/\/www.stolarna-znidarsic.si\/en\/wp-json\/wp\/v2\/product\/695"}],"collection":[{"href":"https:\/\/www.stolarna-znidarsic.si\/en\/wp-json\/wp\/v2\/product"}],"about":[{"href":"https:\/\/www.stolarna-znidarsic.si\/en\/wp-json\/wp\/v2\/types\/product"}],"replies":[{"embeddable":true,"href":"https:\/\/www.stolarna-znidarsic.si\/en\/wp-json\/wp\/v2\/comments?post=695"}],"wp:featuredmedia":[{"embeddable":true,"href":"https:\/\/www.stolarna-znidarsic.si\/en\/wp-json\/wp\/v2\/media\/301"}],"wp:attachment":[{"href":"https:\/\/www.stolarna-znidarsic.si\/en\/wp-json\/wp\/v2\/media?parent=695"}],"wp:term":[{"taxonomy":"product_cat","embeddable":true,"href":"https:\/\/www.stolarna-znidarsic.si\/en\/wp-json\/wp\/v2\/product_cat?post=695"},{"taxonomy":"product_tag","embeddable":true,"href":"https:\/\/www.stolarna-znidarsic.si\/en\/wp-json\/wp\/v2\/product_tag?post=695"}],"curies":[{"name":"wp","href":"https:\/\/api.w.org\/{rel}","templated":true}]}}