{"id":902,"date":"2015-08-27T11:50:25","date_gmt":"2015-08-27T09:50:25","guid":{"rendered":"http:\/\/www.stolarna.si\/izdelek\/stol-valter-bukevoreh-blago-6-kos-2\/"},"modified":"2016-04-05T10:18:38","modified_gmt":"2016-04-05T08:18:38","slug":"stol-valter-bukevoreh-blago-6-kos","status":"publish","type":"product","link":"https:\/\/www.stolarna-znidarsic.si\/en\/izdelek\/stol-valter-bukevoreh-blago-6-kos\/","title":{"rendered":"Chair Valter &#8211; beech\/walnut, fabric (6 pcs)"},"content":{"rendered":"","protected":false},"excerpt":{"rendered":"<p>Option: fabric replacement, free of charge.<\/p>\n<p>Price for 1 piece.<\/p>\n","protected":false},"featured_media":919,"comment_status":"open","ping_status":"closed","template":"","meta":{"_et_pb_use_builder":"","_et_pb_old_content":"","_et_gb_content_width":""},"product_cat":[29],"product_tag":[],"yoast_head":"<!-- This site is optimized with the Yoast SEO plugin v22.1 - https:\/\/yoast.com\/wordpress\/plugins\/seo\/ -->\n<title>Chair Valter - beech\/walnut, fabric (6 pcs) | Product | Stolarna \u017dnidar\u0161i\u010d<\/title>\n<meta name=\"robots\" content=\"index, follow, max-snippet:-1, max-image-preview:large, max-video-preview:-1\" \/>\n<link rel=\"canonical\" href=\"https:\/\/www.stolarna-znidarsic.si\/en\/izdelek\/stol-valter-bukevoreh-blago-6-kos\/\" \/>\n<meta property=\"og:locale\" content=\"en_US\" \/>\n<meta property=\"og:type\" content=\"article\" \/>\n<meta property=\"og:title\" content=\"Chair Valter - beech\/walnut, fabric (6 pcs) | Product | Stolarna \u017dnidar\u0161i\u010d\" \/>\n<meta property=\"og:description\" content=\"Option: fabric replacement, free of charge.  Price for 1 piece.\" \/>\n<meta property=\"og:url\" content=\"https:\/\/www.stolarna-znidarsic.si\/en\/izdelek\/stol-valter-bukevoreh-blago-6-kos\/\" \/>\n<meta property=\"og:site_name\" content=\"Stolarna \u017dnidar\u0161i\u010d\" \/>\n<meta property=\"article:modified_time\" content=\"2016-04-05T08:18:38+00:00\" \/>\n<meta property=\"og:image\" content=\"https:\/\/www.stolarna-znidarsic.si\/wp-content\/uploads\/2015\/08\/8.-Stol-VALTER2.jpg\" \/>\n\t<meta property=\"og:image:width\" content=\"558\" \/>\n\t<meta property=\"og:image:height\" content=\"558\" \/>\n\t<meta property=\"og:image:type\" content=\"image\/jpeg\" \/>\n<script type=\"application\/ld+json\" class=\"yoast-schema-graph\">{\"@context\":\"https:\/\/schema.org\",\"@graph\":[{\"@type\":\"WebPage\",\"@id\":\"https:\/\/www.stolarna-znidarsic.si\/en\/izdelek\/stol-valter-bukevoreh-blago-6-kos\/\",\"url\":\"https:\/\/www.stolarna-znidarsic.si\/en\/izdelek\/stol-valter-bukevoreh-blago-6-kos\/\",\"name\":\"Chair Valter - beech\/walnut, fabric (6 pcs) | Product | Stolarna \u017dnidar\u0161i\u010d\",\"isPartOf\":{\"@id\":\"https:\/\/www.stolarna-znidarsic.si\/#website\"},\"datePublished\":\"2015-08-27T09:50:25+00:00\",\"dateModified\":\"2016-04-05T08:18:38+00:00\",\"breadcrumb\":{\"@id\":\"https:\/\/www.stolarna-znidarsic.si\/en\/izdelek\/stol-valter-bukevoreh-blago-6-kos\/#breadcrumb\"},\"inLanguage\":\"en-US\",\"potentialAction\":[{\"@type\":\"ReadAction\",\"target\":[\"https:\/\/www.stolarna-znidarsic.si\/en\/izdelek\/stol-valter-bukevoreh-blago-6-kos\/\"]}]},{\"@type\":\"BreadcrumbList\",\"@id\":\"https:\/\/www.stolarna-znidarsic.si\/en\/izdelek\/stol-valter-bukevoreh-blago-6-kos\/#breadcrumb\",\"itemListElement\":[{\"@type\":\"ListItem\",\"position\":1,\"name\":\"Home\",\"item\":\"https:\/\/www.stolarna-znidarsic.si\/en\/\"},{\"@type\":\"ListItem\",\"position\":2,\"name\":\"Products\",\"item\":\"https:\/\/www.stolarna-znidarsic.si\/en\/shop\/\"},{\"@type\":\"ListItem\",\"position\":3,\"name\":\"Chair Valter &#8211; beech\/walnut, fabric (6 pcs)\"}]},{\"@type\":\"WebSite\",\"@id\":\"https:\/\/www.stolarna-znidarsic.si\/#website\",\"url\":\"https:\/\/www.stolarna-znidarsic.si\/\",\"name\":\"Stolarna \u017dnidar\u0161i\u010d\",\"description\":\"\",\"potentialAction\":[{\"@type\":\"SearchAction\",\"target\":{\"@type\":\"EntryPoint\",\"urlTemplate\":\"https:\/\/www.stolarna-znidarsic.si\/?s={search_term_string}\"},\"query-input\":\"required name=search_term_string\"}],\"inLanguage\":\"en-US\"}]}<\/script>\n<!-- \/ Yoast SEO plugin. -->","yoast_head_json":{"title":"Chair Valter - beech\/walnut, fabric (6 pcs) | Product | Stolarna \u017dnidar\u0161i\u010d","robots":{"index":"index","follow":"follow","max-snippet":"max-snippet:-1","max-image-preview":"max-image-preview:large","max-video-preview":"max-video-preview:-1"},"canonical":"https:\/\/www.stolarna-znidarsic.si\/en\/izdelek\/stol-valter-bukevoreh-blago-6-kos\/","og_locale":"en_US","og_type":"article","og_title":"Chair Valter - beech\/walnut, fabric (6 pcs) | Product | Stolarna \u017dnidar\u0161i\u010d","og_description":"Option: fabric replacement, free of charge.  Price for 1 piece.","og_url":"https:\/\/www.stolarna-znidarsic.si\/en\/izdelek\/stol-valter-bukevoreh-blago-6-kos\/","og_site_name":"Stolarna \u017dnidar\u0161i\u010d","article_modified_time":"2016-04-05T08:18:38+00:00","og_image":[{"width":558,"height":558,"url":"https:\/\/www.stolarna-znidarsic.si\/wp-content\/uploads\/2015\/08\/8.-Stol-VALTER2.jpg","type":"image\/jpeg"}],"schema":{"@context":"https:\/\/schema.org","@graph":[{"@type":"WebPage","@id":"https:\/\/www.stolarna-znidarsic.si\/en\/izdelek\/stol-valter-bukevoreh-blago-6-kos\/","url":"https:\/\/www.stolarna-znidarsic.si\/en\/izdelek\/stol-valter-bukevoreh-blago-6-kos\/","name":"Chair Valter - beech\/walnut, fabric (6 pcs) | Product | Stolarna \u017dnidar\u0161i\u010d","isPartOf":{"@id":"https:\/\/www.stolarna-znidarsic.si\/#website"},"datePublished":"2015-08-27T09:50:25+00:00","dateModified":"2016-04-05T08:18:38+00:00","breadcrumb":{"@id":"https:\/\/www.stolarna-znidarsic.si\/en\/izdelek\/stol-valter-bukevoreh-blago-6-kos\/#breadcrumb"},"inLanguage":"en-US","potentialAction":[{"@type":"ReadAction","target":["https:\/\/www.stolarna-znidarsic.si\/en\/izdelek\/stol-valter-bukevoreh-blago-6-kos\/"]}]},{"@type":"BreadcrumbList","@id":"https:\/\/www.stolarna-znidarsic.si\/en\/izdelek\/stol-valter-bukevoreh-blago-6-kos\/#breadcrumb","itemListElement":[{"@type":"ListItem","position":1,"name":"Home","item":"https:\/\/www.stolarna-znidarsic.si\/en\/"},{"@type":"ListItem","position":2,"name":"Products","item":"https:\/\/www.stolarna-znidarsic.si\/en\/shop\/"},{"@type":"ListItem","position":3,"name":"Chair Valter &#8211; beech\/walnut, fabric (6 pcs)"}]},{"@type":"WebSite","@id":"https:\/\/www.stolarna-znidarsic.si\/#website","url":"https:\/\/www.stolarna-znidarsic.si\/","name":"Stolarna \u017dnidar\u0161i\u010d","description":"","potentialAction":[{"@type":"SearchAction","target":{"@type":"EntryPoint","urlTemplate":"https:\/\/www.stolarna-znidarsic.si\/?s={search_term_string}"},"query-input":"required name=search_term_string"}],"inLanguage":"en-US"}]}},"_links":{"self":[{"href":"https:\/\/www.stolarna-znidarsic.si\/en\/wp-json\/wp\/v2\/product\/902"}],"collection":[{"href":"https:\/\/www.stolarna-znidarsic.si\/en\/wp-json\/wp\/v2\/product"}],"about":[{"href":"https:\/\/www.stolarna-znidarsic.si\/en\/wp-json\/wp\/v2\/types\/product"}],"replies":[{"embeddable":true,"href":"https:\/\/www.stolarna-znidarsic.si\/en\/wp-json\/wp\/v2\/comments?post=902"}],"wp:featuredmedia":[{"embeddable":true,"href":"https:\/\/www.stolarna-znidarsic.si\/en\/wp-json\/wp\/v2\/media\/919"}],"wp:attachment":[{"href":"https:\/\/www.stolarna-znidarsic.si\/en\/wp-json\/wp\/v2\/media?parent=902"}],"wp:term":[{"taxonomy":"product_cat","embeddable":true,"href":"https:\/\/www.stolarna-znidarsic.si\/en\/wp-json\/wp\/v2\/product_cat?post=902"},{"taxonomy":"product_tag","embeddable":true,"href":"https:\/\/www.stolarna-znidarsic.si\/en\/wp-json\/wp\/v2\/product_tag?post=902"}],"curies":[{"name":"wp","href":"https:\/\/api.w.org\/{rel}","templated":true}]}}